{"id":407,"date":"2019-11-11T08:33:51","date_gmt":"2019-11-11T08:33:51","guid":{"rendered":"https:\/\/demo.casethemes.net\/consultio-insurance\/?page_id=407"},"modified":"2024-11-25T11:33:38","modified_gmt":"2024-11-25T07:33:38","slug":"xidmetlerimiz","status":"publish","type":"page","link":"https:\/\/skylink.az\/?page_id=407","title":{"rendered":"Xidm\u0259tl\u0259rimiz"},"content":{"rendered":"\t\t<div data-elementor-type=\"wp-page\" data-elementor-id=\"407\" class=\"elementor elementor-407\">\n\t\t\t\t<div class=\"elementor-element elementor-element-008b27f e-flex e-con-boxed e-con e-parent\" data-id=\"008b27f\" data-element_type=\"container\">\n\t\t\t\t\t<div class=\"e-con-inner\">\n\t\t\t\t<div class=\"elementor-element elementor-element-9e0ddbb elementor-widget elementor-widget-ct_accordion\" data-id=\"9e0ddbb\" data-element_type=\"widget\" data-widget_type=\"ct_accordion.default\">\n\t\t\t\t<div class=\"elementor-widget-container\">\n\t\t\t\t\t    <div id=\"ct_accordion-9e0ddbb\" class=\"ct-accordion layout1 style1 \">\r\n                    <div class=\"ct-accordion-item active\">\r\n                <div class=\"ct-ac-title active\" data-target=\"#2490337ct_accordion-9e0ddbb\">\r\n                    <a class=\"ct-ac-title-text\">\r\n                                                                        \u0130nternet v\u0259 Ayr\u0131lm\u0131\u015f Kanal Xidm\u0259tl\u0259ri                        <i class=\"ct-icon-accordion\"><\/i>\r\n                    <\/a>\r\n                <\/div>\r\n                <div id=\"2490337ct_accordion-9e0ddbb\" class=\"ct-ac-content\" style=\"display:block;\"><p><span style=\"color: #000000\">\u201cSkylink\u201d \u015firk\u0259ti fiziki \u015f\u0259xsl\u0259r\u0259 v\u0259 korporativ m\u00fc\u015ft\u0259ril\u0259r\u0259 geni\u015fzolaql\u0131 fiber optik v\u0259 hava x\u0259tti \u00fcz\u0259rind\u0259n internet xidm\u0259tl\u0259ri g\u00f6st\u0259rir. \u015eirk\u0259tin internet \u015f\u0259b\u0259k\u0259si \u0259n m\u00fcasir t\u0259l\u0259bl\u0259r\u0259 cavab ver\u0259n avadanl\u0131qlar \u00fcz\u0259rind\u0259 qurulmu\u015fdur. Fiber optik \u015f\u0259b\u0259k\u0259nin \u00e7\u0259kilm\u0259si insanlar\u0131n daha s\u00fcr\u0259tli, daha keyfiyy\u0259tli, daha s\u0259rf\u0259li v\u0259 m\u0259hdudiyy\u0259tsiz internet xidm\u0259tl\u0259rind\u0259n istifad\u0259 etm\u0259sin\u0259 imkan verir. Fiber optik \u015f\u0259b\u0259k\u0259 vasit\u0259si il\u0259 \u00f6t\u00fcr\u00fcl\u0259n informasiyan\u0131n h\u0259cmi dig\u0259r \u015f\u0259b\u0259k\u0259l\u0259r\u0259 m\u00fcqayis\u0259d\u0259 olduqca geni\u015fdir. Fiber optik internet\u0259 qo\u015fulma abun\u0259\u00e7il\u0259r\u0259 m\u0259lumat\u0131 10 Gbit\/saniy\u0259y\u0259 q\u0259d\u0259r s\u00fcr\u0259tl\u0259 q\u0259bul etm\u0259k v\u0259 \u00f6t\u00fcrm\u0259k (upload, download) imkan\u0131 verir.<\/span><\/p><p><span style=\"color: #000000\">Fiber optik \u015f\u0259b\u0259k\u0259 vasit\u0259si il\u0259 t\u0259min olunan internetd\u0259 s\u00fcr\u0259t itkiy\u0259 imkan vermir. M\u0259lumat\u0131n \u00f6t\u00fcrm\u0259 s\u00fcr\u0259ti telefon x\u0259tti kimi amill\u0259rd\u0259n as\u0131l\u0131 olmur ki, bu da y\u00fcks\u0259k keyfiyy\u0259tli xidm\u0259t g\u00f6st\u0259rilm\u0259sini t\u0259min edir. Ayr\u0131lm\u0131\u015f kanal xidm\u0259tl\u0259ri Az\u0259rbaycan Respublikas\u0131 daxilind\u0259\u00a0 m\u00fcxt\u0259lif h\u0259cmd\u0259 \u015firk\u0259t v\u0259 d\u00f6vl\u0259t qurumlar\u0131n\u0131n uzaq m\u0259saf\u0259l\u0259rini birl\u0259\u015fdirm\u0259k m\u0259qs\u0259dil\u0259 t\u0259qdim edil\u0259 bil\u0259r ki, bu da onlar\u0131n f\u0259aliyy\u0259tinin daha da s\u0259m\u0259r\u0259li qurulmas\u0131 \u00fc\u00e7\u00fcn \u015f\u0259rait yaradar. \u201cSkylink\u201d i\u015fg\u00fczar f\u0259aliyy\u0259t sah\u0259l\u0259rin\u0259 \u201cbir n\u00f6qt\u0259 il\u0259 dig\u0259r n\u00f6qt\u0259ni\u201d, yaxud \u201cbir n\u00f6qt\u0259 il\u0259 dig\u0259r n\u00f6qt\u0259l\u0259ri\u201d \u0259laq\u0259l\u0259ndir\u0259n xidm\u0259tl\u0259r t\u0259klif edir ki, bu da m\u0259lumatlar\u0131n y\u00fcks\u0259k s\u00fcr\u0259tl\u0259 \u00f6t\u00fcr\u00fclm\u0259sini t\u0259min edir, yaxud korporativ \u015f\u0259b\u0259k\u0259l\u0259rin t\u0259\u015fkil olunmas\u0131na k\u00f6m\u0259k edir. \u015eirk\u0259tin t\u0259qdim etdiyi ayr\u0131lm\u0131\u015f kanal xidm\u0259tin\u0259 a\u015fa\u011f\u0131dak\u0131lar daxildir:\u00a0<\/span><\/p><p><span style=\"color: #000000\">\u2022 E1s-d\u0259n STM64-d\u0259k DWDM v\u0259 SDH protokollar\u0131 vasit\u0259si il\u0259 y\u00fcks\u0259k tutumlu x\u0259tl\u0259rin t\u0259qdim edilm\u0259si;\u00a0<\/span><\/p><p><span style=\"color: #000000\">\u2022 10Mb-dan 10Gb-d\u0259k Virtual \u00f6z\u0259l \u015f\u0259b\u0259k\u0259 Ethernet-in t\u0259qdim edilm\u0259si;\u00a0<\/span><\/p><p><span style=\"color: #000000\">\u2022 VPN (Virtual \u00d6z\u0259l \u015e\u0259b\u0259k\u0259)-nin t\u0259qdim edilm\u0259si;\u00a0<\/span><\/p><p><span style=\"color: #000000\">\u2022 Fiber optik kabell\u0259rin qura\u015fd\u0131r\u0131lmas\u0131, istismar\u0131 v\u0259 servisi;\u00a0<\/span><\/p><p><span style=\"color: #000000\">\u2022 Az\u0259rbaycana v\u0259 k\u0259nara beyn\u0259lxalq ayr\u0131lm\u0131\u015f kanallar\u0131n t\u0259qdim edilm\u0259si.<\/span><\/p><\/div>\r\n            <\/div>\r\n                    <div class=\"ct-accordion-item \">\r\n                <div class=\"ct-ac-title \" data-target=\"#5a2bba2ct_accordion-9e0ddbb\">\r\n                    <a class=\"ct-ac-title-text\">\r\n                                                                        \u0130P Telefoniya, TV xidm\u0259ti                        <i class=\"ct-icon-accordion\"><\/i>\r\n                    <\/a>\r\n                <\/div>\r\n                <div id=\"5a2bba2ct_accordion-9e0ddbb\" class=\"ct-ac-content\"><p>\u0130p telefoniya rabit\u0259 sisteminin bir n\u00f6v\u00fcd\u00fcr Analoq, Gsm, CDMA v\u0259 dig\u0259r siqnallar\u0131n VOIP (Voice over IP) IP protokolu vasit\u0259sil\u0259 s\u0259s paketl\u0259rinin bir hostdan (komp\u00fcter \u015f\u0259b\u0259k\u0259sin\u0259 v\u0259 ya internet\u0259 qo\u015fulmu\u015f qur\u011fu) dig\u0259rin\u0259 \u00f6t\u00fcr\u00fclm\u0259si sistemidir. Bu sistem vasit\u0259sil\u0259 siz \u015firk\u0259tinizin rabit\u0259 sistemin\u0259 maksimum n\u0259zar\u0259t ed\u0259, t\u0259kmill\u0259\u015fdir\u0259, asanl\u0131qla Call Centerinizi (m\u0259lumat, \u00e7a\u011fr\u0131 m\u0259rk\u0259zi) qura v\u0259 \u015firk\u0259tinizin filallar\u0131n\u0131n rabit\u0259 sistemin vahid \u015f\u0259kl\u0259 g\u0259tir\u0259 bil\u0259rsiniz. \u201cSkylink\u201d siz\u0259 d\u00fcnyaca m\u0259\u015fhur CISCO, SIEMENS, 3CX, Asterisk, Avaya, Yealink v\u0259. s istehsal\u00e7\u0131lar\u0131n avadanl\u0131qlar\u0131n v\u0259 kompleks VOIP h\u0259ll\u0259r t\u0259klif edir. \u201cAz\u0259rtelecom\u201d \u015firk\u0259ti il\u0259 m\u00f6vcud olan m\u00fcqavil\u0259y\u0259 \u0259sas\u0259n Az\u0259rbaycan Respublikas\u0131n\u0131n h\u00fcdudlar\u0131 daxilind\u0259, internet ba\u011flant\u0131s\u0131 m\u00f6vcud olan ist\u0259nil\u0259n m\u0259nt\u0259q\u0259d\u0259 xidm\u0259td\u0259n yararlanmaq m\u00fcmk\u00fcnd\u00fcr.<\/p><p>\u201cSkylink\u201d \u015firk\u0259ti m\u00fc\u015ft\u0259ril\u0259r\u0259 ofisd\u0259 olmadan \u015firk\u0259tin telefon sistemin\u0259 qo\u015fulmas\u0131 sanki \u015firk\u0259td\u0259ymi\u015f kimi daxili n\u00f6mr\u0259l\u0259r\u0259 z\u0259ng etm\u0259 imkan\u0131 h\u0259m\u00e7inin \u015firk\u0259tin analoq \u015f\u0259h\u0259r v\u0259 GSM n\u00f6mr\u0259l\u0259rind\u0259n istifad\u0259 etm\u0259kl\u0259 k\u0259nara z\u0259ng etm\u0259k sisteml\u0259rini t\u0259min edir. IP telefoniya xidm\u0259ti SIP n\u00f6mr\u0259l\u0259r \u00fcz\u0259rind\u0259n komp\u00fcter, mobil telefon, h\u0259tta stasionar telefon kimi kommunikasiya vasit\u0259l\u0259ri il\u0259 t\u0259min olunur. Y\u00fcks\u0259ks\u00fcr\u0259tli telefon qo\u015fulmas\u0131 say\u0259sind\u0259 bird\u0259n art\u0131q telefon z\u0259ngi q\u0259bul etm\u0259k v\u0259 \u00f6t\u00fcrm\u0259k m\u00fcmk\u00fcnd\u00fcr.<\/p><\/div>\r\n            <\/div>\r\n                    <div class=\"ct-accordion-item \">\r\n                <div class=\"ct-ac-title \" data-target=\"#3fedcdbct_accordion-9e0ddbb\">\r\n                    <a class=\"ct-ac-title-text\">\r\n                                                                        T\u0259hl\u00fck\u0259sizlik Xidm\u0259ti                        <i class=\"ct-icon-accordion\"><\/i>\r\n                    <\/a>\r\n                <\/div>\r\n                <div id=\"3fedcdbct_accordion-9e0ddbb\" class=\"ct-ac-content\"><p>\u0130nki\u015faf etm\u0259kd\u0259 olan m\u00fcasir t\u0259hl\u00fck\u0259sizlik sisteml\u0259rinin qurulmas\u0131nda kamera n\u0259zar\u0259ti il\u0259 t\u0259chiz olunma m\u00fctl\u0259qdir. M\u00fchafiz\u0259 sistemind\u0259 t\u0259hl\u00fck\u0259sizlik s\u0259viyy\u0259sinin art\u0131r\u0131lmas\u0131 t\u0259l\u0259b olunarsa ilk n\u00f6vb\u0259d\u0259 kamera n\u0259zar\u0259ti sisteml\u0259ri il\u0259 t\u0259chiz olunma z\u0259rur\u0259ti yaran\u0131r. \u201cSkylink\u201d \u015firk\u0259ti d\u0259y\u0259rli m\u00fc\u015ft\u0259ril\u0259rimiz\u0259 bu sah\u0259d\u0259 \u0259n son yenilikl\u0259ri t\u0259tbiq ed\u0259r\u0259k m\u00fcasir kamera n\u0259zar\u0259ti sisteml\u0259ri olan CCTV v\u0259 IP kamera sisteml\u0259rini qurulmas\u0131n\u0131 v\u0259 servis xidm\u0259tl\u0259rini t\u0259klif edir. Layih\u0259 i\u015fl\u0259ri m\u0259rh\u0259l\u0259sind\u0259 arxitektura n\u0259z\u0259r\u0259 al\u0131nmaqla<br \/>h\u0259r bir n\u0259zar\u0259t olunacaq n\u00f6qt\u0259 d\u0259qiql\u0259\u015fdirilir v\u0259 \u0259n optimal kamera se\u00e7ilir. M\u00fc\u015ft\u0259rinin t\u0259l\u0259bin\u0259 \u0259sas\u0259n kamera n\u0259zar\u0259t sisteml\u0259rinin qeyd\u0259 ald\u0131\u011f\u0131 g\u00f6r\u00fcnt\u00fcl\u0259rin hans\u0131 m\u00fcdd\u0259td\u0259 yadda saxlanmas\u0131 \u00fc\u00e7\u00fcn laz\u0131m olan avadanl\u0131qlar m\u00fc\u0259yy\u0259n edilir.<\/p><\/div>\r\n            <\/div>\r\n                    <div class=\"ct-accordion-item \">\r\n                <div class=\"ct-ac-title \" data-target=\"#bf39800ct_accordion-9e0ddbb\">\r\n                    <a class=\"ct-ac-title-text\">\r\n                                                                        Sat\u0131\u015f Xidm\u0259ti                        <i class=\"ct-icon-accordion\"><\/i>\r\n                    <\/a>\r\n                <\/div>\r\n                <div id=\"bf39800ct_accordion-9e0ddbb\" class=\"ct-ac-content\"><p>\u201cSkylink\u201d \u015firk\u0259ti D\u00fcnya bazar\u0131nda \u00f6z\u00fcn\u00fc keyfiyy\u0259ti v\u0259 u\u011furu il\u0259 t\u0259stiq etmi\u015f 20-d\u0259n \u00e7ox \u015firk\u0259tin (Cisco, HP, Microsoft, DELL, Lenovo, Ozak, Yealink, Ruptela v\u0259 sayr\u0131) Az\u0259rbaycanda r\u0259smi t\u0259r\u0259fda\u015f\u0131d\u0131r v\u0259 bu \u015firk\u0259tl\u0259rin istehsal etdiyi elektron v\u0259 elektrik avadanl\u0131qlar\u0131n\u0131n respublikam\u0131za idxal\u0131, qura\u015fd\u0131r\u0131lmas\u0131 v\u0259 texniki xidm\u0259ti sah\u0259sind\u0259 ixtisasla\u015fm\u0131\u015fd\u0131r. \u018fsas\u0131 qoyuldu\u011fu vaxtdan \u00f6z\u00fcn\u0259 etibarl\u0131 t\u0259r\u0259fda\u015flar qazanan \u015firk\u0259timiz daima inki\u015faf etm\u0259yi \u00f6z\u00fcn\u0259 borc bilir. \u018fsas m\u0259qs\u0259dimiz y\u00fcks\u0259k keyfiyy\u0259tli innovativ m\u0259hsullar\u0131n axtar\u0131\u015f\u0131nda olmaq, yeni texnoloji nailiyy\u0259tl\u0259ri t\u0259qib v\u0259 t\u0259tbiq etm\u0259kdir.<\/p><\/div>\r\n            <\/div>\r\n            <\/div>\r\n    \t\t\t\t<\/div>\n\t\t\t\t<\/div>\n\t\t\t\t\t<\/div>\n\t\t\t\t<\/div>\n\t\t\t\t<\/div>\n\t\t","protected":false},"excerpt":{"rendered":"<p>\u0130nternet v\u0259 Ayr\u0131lm\u0131\u015f Kanal Xidm\u0259tl\u0259ri \u201cSkylink\u201d \u015firk\u0259ti fiziki \u015f\u0259xsl\u0259r\u0259 v\u0259 korporativ m\u00fc\u015ft\u0259ril\u0259r\u0259 geni\u015fzolaql\u0131 fiber optik v\u0259 hava x\u0259tti \u00fcz\u0259rind\u0259n internet xidm\u0259tl\u0259ri g\u00f6st\u0259rir. \u015eirk\u0259tin internet \u015f\u0259b\u0259k\u0259si \u0259n m\u00fcasir t\u0259l\u0259bl\u0259r\u0259 cavab ver\u0259n avadanl\u0131qlar \u00fcz\u0259rind\u0259 qurulmu\u015fdur. Fiber optik \u015f\u0259b\u0259k\u0259nin \u00e7\u0259kilm\u0259si insanlar\u0131n daha s\u00fcr\u0259tli, daha keyfiyy\u0259tli, daha s\u0259rf\u0259li v\u0259 m\u0259hdudiyy\u0259tsiz internet xidm\u0259tl\u0259rind\u0259n istifad\u0259 etm\u0259sin\u0259 imkan verir. Fiber optik \u015f\u0259b\u0259k\u0259 [&hellip;]<\/p>\n","protected":false},"author":1,"featured_media":0,"parent":0,"menu_order":0,"comment_status":"closed","ping_status":"closed","template":"","meta":{"footnotes":""},"class_list":["post-407","page","type-page","status-publish","hentry"],"_links":{"self":[{"href":"https:\/\/skylink.az\/index.php?rest_route=\/wp\/v2\/pages\/407","targetHints":{"allow":["GET"]}}],"collection":[{"href":"https:\/\/skylink.az\/index.php?rest_route=\/wp\/v2\/pages"}],"about":[{"href":"https:\/\/skylink.az\/index.php?rest_route=\/wp\/v2\/types\/page"}],"author":[{"embeddable":true,"href":"https:\/\/skylink.az\/index.php?rest_route=\/wp\/v2\/users\/1"}],"replies":[{"embeddable":true,"href":"https:\/\/skylink.az\/index.php?rest_route=%2Fwp%2Fv2%2Fcomments&post=407"}],"version-history":[{"count":36,"href":"https:\/\/skylink.az\/index.php?rest_route=\/wp\/v2\/pages\/407\/revisions"}],"predecessor-version":[{"id":4757,"href":"https:\/\/skylink.az\/index.php?rest_route=\/wp\/v2\/pages\/407\/revisions\/4757"}],"wp:attachment":[{"href":"https:\/\/skylink.az\/index.php?rest_route=%2Fwp%2Fv2%2Fmedia&parent=407"}],"curies":[{"name":"wp","href":"https:\/\/api.w.org\/{rel}","templated":true}]}}